{"id":17394,"date":"2016-09-08T10:38:58","date_gmt":"2016-09-08T09:43:11","guid":{"rendered":"http:\/\/yoam.ch\/?post_type=product&#038;p=17394&#038;lang=de"},"modified":"2024-11-08T14:22:33","modified_gmt":"2024-11-08T13:22:33","slug":"party-becher-geo-pink","status":"publish","type":"product","link":"https:\/\/camaleoparty.ch\/de\/produkt\/party-becher-geo-pink\/","title":{"rendered":"Party Becher geo Pink"},"content":{"rendered":"<p>Diese schicken Party-Becher sind fr\u00f6hlich Rosa und schick zugleich. Viele, viele Pinke, Rosa, Pastell-Rosa und weitere Rosa-Farb-Varianten sorgen f\u00fcr den fr\u00f6hlichen lebhaften Stil der Papier-Becher. Die Dreiecke sorgen f\u00fcr eine schicke, elegante Note.<br \/>\nDamit sind diese Pappbecher perfekt f\u00fcr schicke Feiern wie schicke Flamingo-Geburtstage, Grill-Feste, Taufen, Dinner-Partys und Firmenfeiern sowie f\u00fcr bunte Kinder-Geburtstage, Ballerina-Motto-Partys, Feen-Themen-Feiern, Junggesellinnen-Abschiede, Cocktail-Abende und viele weitere Feiern.<\/p>\n<p>Die Papierbecher sind Ca. 9 cm hoch und haben oben einen Durchmesser oben von ca. 8 cm<br \/>\nF\u00fcllmenge ist ca. 250 ml, 10St\u00fcck<\/p>\n","protected":false},"excerpt":{"rendered":"<p>Diese schicken Party-Becher sind fr\u00f6hlich Rosa und schick zugleich. Viele, viele Pinke, Rosa, Pastell-Rosa und weitere Rosa-Farb-Varianten sorgen f\u00fcr den fr\u00f6hlichen lebhaften Stil der Papier-Becher. Die Dreiecke sorgen f\u00fcr eine schicke, elegante Note.<\/p>\n","protected":false},"featured_media":15828,"comment_status":"open","ping_status":"closed","template":"","meta":[],"product_cat":[157,1204,147],"product_tag":[],"class_list":{"0":"post-17394","1":"product","2":"type-product","3":"status-publish","4":"has-post-thumbnail","6":"product_cat-becher","7":"product_cat-rosa","8":"product_cat-verjaardags-en-feesttafelversieringen","10":"first","11":"instock","12":"taxable","13":"shipping-taxable","14":"purchasable","15":"product-type-simple"},"_links":{"self":[{"href":"https:\/\/camaleoparty.ch\/de\/wp-json\/wp\/v2\/product\/17394","targetHints":{"allow":["GET"]}}],"collection":[{"href":"https:\/\/camaleoparty.ch\/de\/wp-json\/wp\/v2\/product"}],"about":[{"href":"https:\/\/camaleoparty.ch\/de\/wp-json\/wp\/v2\/types\/product"}],"replies":[{"embeddable":true,"href":"https:\/\/camaleoparty.ch\/de\/wp-json\/wp\/v2\/comments?post=17394"}],"wp:featuredmedia":[{"embeddable":true,"href":"https:\/\/camaleoparty.ch\/de\/wp-json\/wp\/v2\/media\/15828"}],"wp:attachment":[{"href":"https:\/\/camaleoparty.ch\/de\/wp-json\/wp\/v2\/media?parent=17394"}],"wp:term":[{"taxonomy":"product_cat","embeddable":true,"href":"https:\/\/camaleoparty.ch\/de\/wp-json\/wp\/v2\/product_cat?post=17394"},{"taxonomy":"product_tag","embeddable":true,"href":"https:\/\/camaleoparty.ch\/de\/wp-json\/wp\/v2\/product_tag?post=17394"}],"curies":[{"name":"wp","href":"https:\/\/api.w.org\/{rel}","templated":true}]}}