{"id":16975,"date":"2016-09-01T10:27:00","date_gmt":"2016-09-01T09:31:23","guid":{"rendered":"http:\/\/yoam.ch\/?post_type=product&#038;p=16975&#038;lang=de"},"modified":"2024-11-08T14:23:48","modified_gmt":"2024-11-08T13:23:48","slug":"strohhalme-rosa-streifen","status":"publish","type":"product","link":"https:\/\/camaleoparty.ch\/de\/produkt\/strohhalme-rosa-streifen\/","title":{"rendered":"Strohhalme rosa Streifen"},"content":{"rendered":"<p>25 Strohhalme aus Papier mit rosa Streifen, um einen Fruchtsaft oder ein Soda zu trinken , schm\u00fccken sie einen Tisch oder eine Candy Bar. Ideal f\u00fcr ein Sommerfest , ein Fest f\u00fcr ein kleines M\u00e4dchen mit Thema Prinzessin oder Fee , aber auch f\u00fcr eine Hochzeit, eine Taufe , eine Babyparty oder einen Geburtstag.<\/p>\n","protected":false},"excerpt":{"rendered":"<p>25 Strohhalme aus Papier mit rosa Streifen, um einen Fruchtsaft oder ein Soda zu trinken , schm\u00fccken sie einen Tisch oder eine Candy Bar. Ideal f\u00fcr ein Sommerfest , ein Fest f\u00fcr ein kleines M\u00e4dchen mit Thema Prinzessin oder Fee , aber auch f\u00fcr eine Hochzeit, eine Taufe , eine Babyparty oder einen Geburtstag.<\/p>\n","protected":false},"featured_media":15515,"comment_status":"open","ping_status":"closed","template":"","meta":[],"product_cat":[119,485,484,383,743,723,481,1108,297,490,1087,76,72,1044],"product_tag":[],"class_list":{"0":"post-16975","1":"product","2":"type-product","3":"status-publish","4":"has-post-thumbnail","6":"product_brand-mylittleday","7":"product_cat-baby-shower","8":"product_cat-fleurs","9":"product_cat-printemps","10":"product_cat-fete-de-revelation-du-sexe-gender-reveal","11":"product_cat-lapin","12":"product_cat-chat","13":"product_cat-sorcier","14":"product_cat-fee","15":"product_cat-sirenes","16":"product_cat-princesse","17":"product_cat-couleur-rose","18":"product_cat-pailles","19":"product_cat-decoration-de-table-anniversaire-et-fete","20":"product_cat-viva-la-fiesta","22":"first","23":"instock","24":"sale","25":"taxable","26":"shipping-taxable","27":"purchasable","28":"product-type-simple"},"_links":{"self":[{"href":"https:\/\/camaleoparty.ch\/de\/wp-json\/wp\/v2\/product\/16975","targetHints":{"allow":["GET"]}}],"collection":[{"href":"https:\/\/camaleoparty.ch\/de\/wp-json\/wp\/v2\/product"}],"about":[{"href":"https:\/\/camaleoparty.ch\/de\/wp-json\/wp\/v2\/types\/product"}],"replies":[{"embeddable":true,"href":"https:\/\/camaleoparty.ch\/de\/wp-json\/wp\/v2\/comments?post=16975"}],"wp:featuredmedia":[{"embeddable":true,"href":"https:\/\/camaleoparty.ch\/de\/wp-json\/wp\/v2\/media\/15515"}],"wp:attachment":[{"href":"https:\/\/camaleoparty.ch\/de\/wp-json\/wp\/v2\/media?parent=16975"}],"wp:term":[{"taxonomy":"product_cat","embeddable":true,"href":"https:\/\/camaleoparty.ch\/de\/wp-json\/wp\/v2\/product_cat?post=16975"},{"taxonomy":"product_tag","embeddable":true,"href":"https:\/\/camaleoparty.ch\/de\/wp-json\/wp\/v2\/product_tag?post=16975"}],"curies":[{"name":"wp","href":"https:\/\/api.w.org\/{rel}","templated":true}]}}