{"id":16923,"date":"2016-08-31T20:00:32","date_gmt":"2016-08-31T19:01:57","guid":{"rendered":"http:\/\/yoam.ch\/?post_type=product&#038;p=16923&#038;lang=de"},"modified":"2024-11-08T14:23:59","modified_gmt":"2024-11-08T13:23:59","slug":"prinzessinenkostuem-zum-selber-bemalen","status":"publish","type":"product","link":"https:\/\/camaleoparty.ch\/de\/produkt\/prinzessinenkostuem-zum-selber-bemalen\/","title":{"rendered":"Prinzessinenkost\u00fcm zum selber bemalen"},"content":{"rendered":"<p>Ein Kost\u00fcm im Schnitt von einer Sch\u00fcrze die sie nach Ihrer Lust bemalen. 4 Farbstifte sind mit dabei aber sie k\u00f6nnen gut auch andere Farbstifte ( Textil ) benutzen.<\/p>\n<p>Das Kost\u00fcm existiert in der Version Prinzessin und Pirat.<\/p>\n<p>Die Kost\u00fcme sind aus 100% Baumwolle gefertigt. Perfekt f\u00fcr 3 bis 7 Jahre<\/p>\n<p>Ab 3 Jahren<\/p>\n","protected":false},"excerpt":{"rendered":"<p>Ein Kost\u00fcm im Schnitt von einer Sch\u00fcrze die sie nach Ihrer Lust bemalen. 4 Farbstifte sind mit dabei aber sie k\u00f6nnen gut auch andere Farbstifte ( Textil ) benutzen.<\/p>\n<p>&nbsp;<\/p>\n","protected":false},"featured_media":16918,"comment_status":"open","ping_status":"closed","template":"","meta":[],"product_cat":[132,370,136,555,134],"product_tag":[],"class_list":{"0":"post-16923","1":"product","2":"type-product","3":"status-publish","4":"has-post-thumbnail","6":"product_cat-animationen","7":"product_cat-kinder","8":"product_cat-kostueme","9":"product_cat-sale-de-2","10":"product_cat-zum-ausmalen","12":"first","13":"instock","14":"taxable","15":"shipping-taxable","16":"purchasable","17":"product-type-simple"},"_links":{"self":[{"href":"https:\/\/camaleoparty.ch\/de\/wp-json\/wp\/v2\/product\/16923","targetHints":{"allow":["GET"]}}],"collection":[{"href":"https:\/\/camaleoparty.ch\/de\/wp-json\/wp\/v2\/product"}],"about":[{"href":"https:\/\/camaleoparty.ch\/de\/wp-json\/wp\/v2\/types\/product"}],"replies":[{"embeddable":true,"href":"https:\/\/camaleoparty.ch\/de\/wp-json\/wp\/v2\/comments?post=16923"}],"wp:featuredmedia":[{"embeddable":true,"href":"https:\/\/camaleoparty.ch\/de\/wp-json\/wp\/v2\/media\/16918"}],"wp:attachment":[{"href":"https:\/\/camaleoparty.ch\/de\/wp-json\/wp\/v2\/media?parent=16923"}],"wp:term":[{"taxonomy":"product_cat","embeddable":true,"href":"https:\/\/camaleoparty.ch\/de\/wp-json\/wp\/v2\/product_cat?post=16923"},{"taxonomy":"product_tag","embeddable":true,"href":"https:\/\/camaleoparty.ch\/de\/wp-json\/wp\/v2\/product_tag?post=16923"}],"curies":[{"name":"wp","href":"https:\/\/api.w.org\/{rel}","templated":true}]}}