{"id":16713,"date":"2016-08-28T09:26:00","date_gmt":"2016-08-28T08:27:48","guid":{"rendered":"http:\/\/yoam.ch\/?post_type=product&#038;p=16713&#038;lang=de"},"modified":"2024-11-08T14:24:18","modified_gmt":"2024-11-08T13:24:18","slug":"kostuem-superheld-girl","status":"publish","type":"product","link":"https:\/\/camaleoparty.ch\/de\/produkt\/kostuem-superheld-girl\/","title":{"rendered":"Kost\u00fcm Superheld Girl"},"content":{"rendered":"<p>Kit Supergirl<br \/>\n1 Umhang mit einem Goldstern, 2 Manschetten mit Goldstern und ein Diadem mit Goldstern. Das perfekte Kost\u00fcm f\u00fcr jedes Super Hero Kost\u00fcm.<br \/>\nEinheits Gr\u00f6sse<\/p>\n","protected":false},"excerpt":{"rendered":"<p>Kit Supergirl<br \/>\n1 Umhang mit einem Goldstern, 2 Manschetten mit Goldstern und ein Diadem mit Goldstern. Das perfekte Kost\u00fcm f\u00fcr jedes Super Hero Kost\u00fcm.<br \/>\nEinheits Gr\u00f6sse<\/p>\n","protected":false},"featured_media":16675,"comment_status":"open","ping_status":"closed","template":"","meta":[],"product_cat":[132,1039,136,555,235],"product_tag":[],"class_list":{"0":"post-16713","1":"product","2":"type-product","3":"status-publish","4":"has-post-thumbnail","6":"product_cat-animationen","7":"product_cat-kinder-madchen","8":"product_cat-kostueme","9":"product_cat-sale-de-2","10":"product_cat-superheld","12":"first","13":"instock","14":"sale","15":"taxable","16":"shipping-taxable","17":"purchasable","18":"product-type-simple"},"_links":{"self":[{"href":"https:\/\/camaleoparty.ch\/de\/wp-json\/wp\/v2\/product\/16713","targetHints":{"allow":["GET"]}}],"collection":[{"href":"https:\/\/camaleoparty.ch\/de\/wp-json\/wp\/v2\/product"}],"about":[{"href":"https:\/\/camaleoparty.ch\/de\/wp-json\/wp\/v2\/types\/product"}],"replies":[{"embeddable":true,"href":"https:\/\/camaleoparty.ch\/de\/wp-json\/wp\/v2\/comments?post=16713"}],"wp:featuredmedia":[{"embeddable":true,"href":"https:\/\/camaleoparty.ch\/de\/wp-json\/wp\/v2\/media\/16675"}],"wp:attachment":[{"href":"https:\/\/camaleoparty.ch\/de\/wp-json\/wp\/v2\/media?parent=16713"}],"wp:term":[{"taxonomy":"product_cat","embeddable":true,"href":"https:\/\/camaleoparty.ch\/de\/wp-json\/wp\/v2\/product_cat?post=16713"},{"taxonomy":"product_tag","embeddable":true,"href":"https:\/\/camaleoparty.ch\/de\/wp-json\/wp\/v2\/product_tag?post=16713"}],"curies":[{"name":"wp","href":"https:\/\/api.w.org\/{rel}","templated":true}]}}