{"id":16641,"date":"2016-08-27T21:30:00","date_gmt":"2016-08-27T20:32:36","guid":{"rendered":"http:\/\/yoam.ch\/?post_type=product&#038;p=16641&#038;lang=de"},"modified":"2024-11-08T14:24:20","modified_gmt":"2024-11-08T13:24:20","slug":"party-besteck-blau","status":"publish","type":"product","link":"https:\/\/camaleoparty.ch\/de\/produkt\/party-besteck-blau\/","title":{"rendered":"Party Besteck blau"},"content":{"rendered":"<p>Suchen sie nach einer Alternative f\u00fcr Plastik Besteck? Dann haben wir genau das richtige, ein Besteck Set aus Holz ( Gabel, Messer und L\u00f6ffel) von MeriMeri&#8230; Mit Ihrem modernen und Farbfrohen Design ist dieses Besteck perfekt f\u00fcr einen Geburtstag, eine Hochzeit, eine Baby-Shower oder f\u00fcr ein Grillfest oder ein Picknick.<\/p>\n<p>Ein Pack enth\u00e4lt 24 St\u00fcck: 8x Gabel, 8x Messer, 8x L\u00f6ffel<\/p>\n","protected":false},"excerpt":{"rendered":"<p>Suchen sie nach einer Alternative f\u00fcr Plastik Besteck? Dann haben wir genau das richtige, ein Besteck Set aus Holz ( Gabel, Messer und L\u00f6ffel) von MeriMeri&#8230;<\/p>\n","protected":false},"featured_media":14285,"comment_status":"open","ping_status":"closed","template":"","meta":[],"product_cat":[185,729,1213,221,183,385,153,875,895,299,195,920,555,189,1169,147],"product_tag":[],"class_list":{"0":"post-16641","1":"product","2":"type-product","3":"status-publish","4":"has-post-thumbnail","6":"product_brand-merimeri-de","7":"product_cat-baby-shower-de","8":"product_cat-unter-dem-meer","9":"product_cat-farbe-blau","10":"product_cat-einhorn","11":"product_cat-geburtstag","12":"product_cat-gender-reveal-party-de","13":"product_cat-geschirr","14":"product_cat-kommunion","15":"product_cat-lagerabbau","16":"product_cat-meerjungfrauen","17":"product_cat-ostern","18":"product_cat-panda-de","19":"product_cat-sale-de-2","20":"product_cat-sommer","21":"product_cat-teddybar-kollektion","22":"product_cat-verjaardags-en-feesttafelversieringen","24":"first","25":"instock","26":"sale","27":"taxable","28":"shipping-taxable","29":"purchasable","30":"product-type-simple"},"_links":{"self":[{"href":"https:\/\/camaleoparty.ch\/de\/wp-json\/wp\/v2\/product\/16641","targetHints":{"allow":["GET"]}}],"collection":[{"href":"https:\/\/camaleoparty.ch\/de\/wp-json\/wp\/v2\/product"}],"about":[{"href":"https:\/\/camaleoparty.ch\/de\/wp-json\/wp\/v2\/types\/product"}],"replies":[{"embeddable":true,"href":"https:\/\/camaleoparty.ch\/de\/wp-json\/wp\/v2\/comments?post=16641"}],"wp:featuredmedia":[{"embeddable":true,"href":"https:\/\/camaleoparty.ch\/de\/wp-json\/wp\/v2\/media\/14285"}],"wp:attachment":[{"href":"https:\/\/camaleoparty.ch\/de\/wp-json\/wp\/v2\/media?parent=16641"}],"wp:term":[{"taxonomy":"product_cat","embeddable":true,"href":"https:\/\/camaleoparty.ch\/de\/wp-json\/wp\/v2\/product_cat?post=16641"},{"taxonomy":"product_tag","embeddable":true,"href":"https:\/\/camaleoparty.ch\/de\/wp-json\/wp\/v2\/product_tag?post=16641"}],"curies":[{"name":"wp","href":"https:\/\/api.w.org\/{rel}","templated":true}]}}