{"id":16099,"date":"2016-08-18T14:48:16","date_gmt":"2016-08-18T13:55:26","guid":{"rendered":"http:\/\/yoam.ch\/?post_type=product&#038;p=16099&#038;lang=de"},"modified":"2024-11-08T14:24:36","modified_gmt":"2024-11-08T13:24:36","slug":"papier-wabenball-tuerkisblau-20cm","status":"publish","type":"product","link":"https:\/\/camaleoparty.ch\/de\/produkt\/papier-wabenball-tuerkisblau-20cm\/","title":{"rendered":"Papier Wabenball T\u00fcrkisblau 20cm"},"content":{"rendered":"<p>Papier Wabenball, mittelblau, 20cm<br \/>\nH\u00fcbscher, kleiner Wabenball, in vielen Farben bei uns erh\u00e4ltlich. Toll als Perlenkette im Raum oder an der Wand, wenn unterschiedliche Farben oder Gr\u00f6ssen der Wabenb\u00e4lle kombiniert werden. Perfekt f\u00fcr einen Geburtstag, eine Hochzeit, eine Taufe oder eine baby shower.<br \/>\nRichtig umwerfend wird die Raumdekoration, wenn verschiedene Seidenpapierrosetten, -sterne und Wabenb\u00e4lle an einer Wand zusammen wie kleine Kunstwerke arrangiert werden. Wabenb\u00e4lle lassen sich auch nur halb \u00f6ffnen und sind dann richtige Eye-catcher auf dem Feststagstisch oder Buffet.<\/p>\n","protected":false},"excerpt":{"rendered":"<p>Papier Wabenball, mittelblau, 20cm<\/p>\n","protected":false},"featured_media":14152,"comment_status":"open","ping_status":"closed","template":"","meta":[],"product_cat":[1213,163,169],"product_tag":[],"class_list":{"0":"post-16099","1":"product","2":"type-product","3":"status-publish","4":"has-post-thumbnail","6":"product_cat-farbe-blau","7":"product_cat-dekoration","8":"product_cat-wabenball","10":"first","11":"instock","12":"taxable","13":"shipping-taxable","14":"purchasable","15":"product-type-simple"},"_links":{"self":[{"href":"https:\/\/camaleoparty.ch\/de\/wp-json\/wp\/v2\/product\/16099","targetHints":{"allow":["GET"]}}],"collection":[{"href":"https:\/\/camaleoparty.ch\/de\/wp-json\/wp\/v2\/product"}],"about":[{"href":"https:\/\/camaleoparty.ch\/de\/wp-json\/wp\/v2\/types\/product"}],"replies":[{"embeddable":true,"href":"https:\/\/camaleoparty.ch\/de\/wp-json\/wp\/v2\/comments?post=16099"}],"wp:featuredmedia":[{"embeddable":true,"href":"https:\/\/camaleoparty.ch\/de\/wp-json\/wp\/v2\/media\/14152"}],"wp:attachment":[{"href":"https:\/\/camaleoparty.ch\/de\/wp-json\/wp\/v2\/media?parent=16099"}],"wp:term":[{"taxonomy":"product_cat","embeddable":true,"href":"https:\/\/camaleoparty.ch\/de\/wp-json\/wp\/v2\/product_cat?post=16099"},{"taxonomy":"product_tag","embeddable":true,"href":"https:\/\/camaleoparty.ch\/de\/wp-json\/wp\/v2\/product_tag?post=16099"}],"curies":[{"name":"wp","href":"https:\/\/api.w.org\/{rel}","templated":true}]}}