{"id":16084,"date":"2016-08-18T14:15:16","date_gmt":"2016-08-18T13:17:11","guid":{"rendered":"http:\/\/yoam.ch\/?post_type=product&#038;p=16084&#038;lang=de"},"modified":"2024-11-08T14:24:41","modified_gmt":"2024-11-08T13:24:41","slug":"tropische-blumen-ballons","status":"publish","type":"product","link":"https:\/\/camaleoparty.ch\/de\/produkt\/tropische-blumen-ballons\/","title":{"rendered":"Tropische Blumen Ballons"},"content":{"rendered":"<p>5 Ballons von Mylittleday im tropischen Blumen Print. Ideal f\u00fcr einen M\u00e4dchen Geburtstag. Perfekt auch f\u00fcr ein Sommerpicknick, ein Zvieri, eine Taufe, eine Gartenparty oder ein Familienfest.<br \/>\nDie Ballons sind aus 100% Latex und so biologisch abbaubar. Gr\u00f6sse 25cm<\/p>\n","protected":false},"excerpt":{"rendered":"<p>5 Ballons von Mylittleday im tropischen Blumen Print.<\/p>\n","protected":false},"featured_media":14077,"comment_status":"open","ping_status":"closed","template":"","meta":[],"product_cat":[165,708,163,895,555,1010],"product_tag":[],"class_list":{"0":"post-16084","1":"product","2":"type-product","3":"status-publish","4":"has-post-thumbnail","6":"product_brand-mylittleday-de","7":"product_cat-ballone","8":"product_cat-blumen","9":"product_cat-dekoration","10":"product_cat-lagerabbau","11":"product_cat-sale-de-2","12":"product_cat-tropical-de","14":"first","15":"instock","16":"sale","17":"taxable","18":"shipping-taxable","19":"purchasable","20":"product-type-simple"},"_links":{"self":[{"href":"https:\/\/camaleoparty.ch\/de\/wp-json\/wp\/v2\/product\/16084","targetHints":{"allow":["GET"]}}],"collection":[{"href":"https:\/\/camaleoparty.ch\/de\/wp-json\/wp\/v2\/product"}],"about":[{"href":"https:\/\/camaleoparty.ch\/de\/wp-json\/wp\/v2\/types\/product"}],"replies":[{"embeddable":true,"href":"https:\/\/camaleoparty.ch\/de\/wp-json\/wp\/v2\/comments?post=16084"}],"wp:featuredmedia":[{"embeddable":true,"href":"https:\/\/camaleoparty.ch\/de\/wp-json\/wp\/v2\/media\/14077"}],"wp:attachment":[{"href":"https:\/\/camaleoparty.ch\/de\/wp-json\/wp\/v2\/media?parent=16084"}],"wp:term":[{"taxonomy":"product_cat","embeddable":true,"href":"https:\/\/camaleoparty.ch\/de\/wp-json\/wp\/v2\/product_cat?post=16084"},{"taxonomy":"product_tag","embeddable":true,"href":"https:\/\/camaleoparty.ch\/de\/wp-json\/wp\/v2\/product_tag?post=16084"}],"curies":[{"name":"wp","href":"https:\/\/api.w.org\/{rel}","templated":true}]}}