{"id":16069,"date":"2016-08-18T10:52:19","date_gmt":"2016-08-18T09:54:31","guid":{"rendered":"http:\/\/yoam.ch\/?post_type=product&#038;p=16069&#038;lang=de"},"modified":"2024-11-08T14:24:44","modified_gmt":"2024-11-08T13:24:44","slug":"folienballon-schriftzug-yay","status":"publish","type":"product","link":"https:\/\/camaleoparty.ch\/de\/produkt\/folienballon-schriftzug-yay\/","title":{"rendered":"Folienballon Schriftzug YAY"},"content":{"rendered":"<p>Metallic Folienballon in silber als Schriftzug &#8222;yay&#8220; &#8211; ein absoluter Blickfang f\u00fcr die diesj\u00e4hrige Hochzeit! Perfekt als Girlande einsetzbar, indem man den Folienballon mit einem mitgelieferten R\u00f6hrchen aufpustet. Das Ventil ist selbstklebend. Durch die 2 \u00d6sen l\u00e4sst er sich mit Hilfe einer Schnur einfach als Girlande aufh\u00e4ngen. Bitte nicht mit Helium bef\u00fcllen, dieses w\u00fcrde entweichen.<\/p>\n<p>Farbe: Silber<\/p>\n<p>Ma\u00dfe: BH 75 x 57cm<\/p>\n<p>Material: Folienballon<\/p>\n<p>Inhalt: 1 Schriftzug, 1 R\u00f6hrchen, 1 wei\u00dfes Band<\/p>\n","protected":false},"excerpt":{"rendered":"<p>Folienballon mit Schriftzug YAY<\/p>\n","protected":false},"featured_media":16067,"comment_status":"open","ping_status":"closed","template":"","meta":[],"product_cat":[163,274,183,181,555,1071],"product_tag":[],"class_list":{"0":"post-16069","1":"product","2":"type-product","3":"status-publish","4":"has-post-thumbnail","6":"product_cat-dekoration","7":"product_cat-folienballons","8":"product_cat-geburtstag","9":"product_cat-saisonal","10":"product_cat-sale-de-2","11":"product_cat-silvesterabend","13":"first","14":"instock","15":"sale","16":"taxable","17":"shipping-taxable","18":"purchasable","19":"product-type-simple"},"_links":{"self":[{"href":"https:\/\/camaleoparty.ch\/de\/wp-json\/wp\/v2\/product\/16069","targetHints":{"allow":["GET"]}}],"collection":[{"href":"https:\/\/camaleoparty.ch\/de\/wp-json\/wp\/v2\/product"}],"about":[{"href":"https:\/\/camaleoparty.ch\/de\/wp-json\/wp\/v2\/types\/product"}],"replies":[{"embeddable":true,"href":"https:\/\/camaleoparty.ch\/de\/wp-json\/wp\/v2\/comments?post=16069"}],"wp:featuredmedia":[{"embeddable":true,"href":"https:\/\/camaleoparty.ch\/de\/wp-json\/wp\/v2\/media\/16067"}],"wp:attachment":[{"href":"https:\/\/camaleoparty.ch\/de\/wp-json\/wp\/v2\/media?parent=16069"}],"wp:term":[{"taxonomy":"product_cat","embeddable":true,"href":"https:\/\/camaleoparty.ch\/de\/wp-json\/wp\/v2\/product_cat?post=16069"},{"taxonomy":"product_tag","embeddable":true,"href":"https:\/\/camaleoparty.ch\/de\/wp-json\/wp\/v2\/product_tag?post=16069"}],"curies":[{"name":"wp","href":"https:\/\/api.w.org\/{rel}","templated":true}]}}