{"id":16053,"date":"2016-08-17T16:20:31","date_gmt":"2016-08-17T15:21:34","guid":{"rendered":"http:\/\/yoam.ch\/?post_type=product&#038;p=16053&#038;lang=de"},"modified":"2024-11-08T14:24:46","modified_gmt":"2024-11-08T13:24:46","slug":"piraten-ballons","status":"publish","type":"product","link":"https:\/\/camaleoparty.ch\/de\/produkt\/piraten-ballons\/","title":{"rendered":"Piraten Ballons"},"content":{"rendered":"<p>5 Ballons von Mylittleday, mit einem Schiffsanker f\u00fcr die kleinen Matrosen oder Piraten die es mit Jack Sparrow aufnehmen wollen! Wie w\u00e4re es auch f\u00fcr ein Sommerpicknick, ein Zvieri oder ein Gartenfest.<\/p>\n<p>Die Ballons sind aus 100% Latex und so biologisch abbaubar. Gr\u00f6sse 25cm<\/p>\n","protected":false},"excerpt":{"rendered":"<p>5 Ballons von Mylittleday, mit einem Schiffsanker f\u00fcr die kleinen Matrosen oder Piraten die es mit Jack Sparrow aufnehmen wollen! Wie w\u00e4re es auch f\u00fcr ein Sommerpicknick, ein Zvieri oder ein Gartenfest.<\/p>\n<p>Die Ballons sind aus 100% Latex und so biologisch abbaubar. Gr\u00f6sse 25cm<\/p>\n","protected":false},"featured_media":14095,"comment_status":"open","ping_status":"closed","template":"","meta":[],"product_cat":[165,163,895,225,555],"product_tag":[],"class_list":{"0":"post-16053","1":"product","2":"type-product","3":"status-publish","4":"has-post-thumbnail","6":"product_brand-mylittleday-de","7":"product_cat-ballone","8":"product_cat-dekoration","9":"product_cat-lagerabbau","10":"product_cat-piraten","11":"product_cat-sale-de-2","13":"first","14":"instock","15":"sale","16":"taxable","17":"shipping-taxable","18":"purchasable","19":"product-type-simple"},"_links":{"self":[{"href":"https:\/\/camaleoparty.ch\/de\/wp-json\/wp\/v2\/product\/16053","targetHints":{"allow":["GET"]}}],"collection":[{"href":"https:\/\/camaleoparty.ch\/de\/wp-json\/wp\/v2\/product"}],"about":[{"href":"https:\/\/camaleoparty.ch\/de\/wp-json\/wp\/v2\/types\/product"}],"replies":[{"embeddable":true,"href":"https:\/\/camaleoparty.ch\/de\/wp-json\/wp\/v2\/comments?post=16053"}],"wp:featuredmedia":[{"embeddable":true,"href":"https:\/\/camaleoparty.ch\/de\/wp-json\/wp\/v2\/media\/14095"}],"wp:attachment":[{"href":"https:\/\/camaleoparty.ch\/de\/wp-json\/wp\/v2\/media?parent=16053"}],"wp:term":[{"taxonomy":"product_cat","embeddable":true,"href":"https:\/\/camaleoparty.ch\/de\/wp-json\/wp\/v2\/product_cat?post=16053"},{"taxonomy":"product_tag","embeddable":true,"href":"https:\/\/camaleoparty.ch\/de\/wp-json\/wp\/v2\/product_tag?post=16053"}],"curies":[{"name":"wp","href":"https:\/\/api.w.org\/{rel}","templated":true}]}}