{"id":16034,"date":"2016-08-17T15:28:00","date_gmt":"2016-08-17T14:30:19","guid":{"rendered":"http:\/\/yoam.ch\/?post_type=product&#038;p=16034&#038;lang=de"},"modified":"2024-11-08T14:24:49","modified_gmt":"2024-11-08T13:24:49","slug":"trio-ballons-gruen","status":"publish","type":"product","link":"https:\/\/camaleoparty.ch\/de\/produkt\/trio-ballons-gruen\/","title":{"rendered":"Trio Ballons Gr\u00fcn"},"content":{"rendered":"<p>10 Ballons von Mylittleday in 3 verschiedenen Farben: Gr\u00fcn, Weiss und Transparent. Perfekt f\u00fcr ein Sommerpicknick, einen Geburtstag, ein Zvieri, ein Hochzeit, eine Taufe, oder ein Familienfest. Mit den Ballons kann man dekorieren, spielen oder auch eine Pinata bauen.\u00a0 Die Latexballons sind biologisch abbaubar.<br \/>\nGr\u00f6sse 25cm<\/p>\n","protected":false},"excerpt":{"rendered":"<p>10 Ballons von Mylittleday in 3 verschiedenen Farben: Gr\u00fcn, Weiss und Transparent.<\/p>\n","protected":false},"featured_media":14101,"comment_status":"open","ping_status":"closed","template":"","meta":[],"product_cat":[83,485,80,341,865,508,1084,923,1044],"product_tag":[],"class_list":{"0":"post-16034","1":"product","2":"type-product","3":"status-publish","4":"has-post-thumbnail","6":"product_brand-mylittleday","7":"product_cat-ballons","8":"product_cat-fleurs","9":"product_cat-decorations","10":"product_cat-animaux-de-la-jungle-et-safari","11":"product_cat-ballons-latex-unis","12":"product_cat-jeux_video","13":"product_cat-couleur-vert","14":"product_cat-tropical","15":"product_cat-viva-la-fiesta","17":"first","18":"instock","19":"taxable","20":"shipping-taxable","21":"purchasable","22":"product-type-simple"},"_links":{"self":[{"href":"https:\/\/camaleoparty.ch\/de\/wp-json\/wp\/v2\/product\/16034","targetHints":{"allow":["GET"]}}],"collection":[{"href":"https:\/\/camaleoparty.ch\/de\/wp-json\/wp\/v2\/product"}],"about":[{"href":"https:\/\/camaleoparty.ch\/de\/wp-json\/wp\/v2\/types\/product"}],"replies":[{"embeddable":true,"href":"https:\/\/camaleoparty.ch\/de\/wp-json\/wp\/v2\/comments?post=16034"}],"wp:featuredmedia":[{"embeddable":true,"href":"https:\/\/camaleoparty.ch\/de\/wp-json\/wp\/v2\/media\/14101"}],"wp:attachment":[{"href":"https:\/\/camaleoparty.ch\/de\/wp-json\/wp\/v2\/media?parent=16034"}],"wp:term":[{"taxonomy":"product_cat","embeddable":true,"href":"https:\/\/camaleoparty.ch\/de\/wp-json\/wp\/v2\/product_cat?post=16034"},{"taxonomy":"product_tag","embeddable":true,"href":"https:\/\/camaleoparty.ch\/de\/wp-json\/wp\/v2\/product_tag?post=16034"}],"curies":[{"name":"wp","href":"https:\/\/api.w.org\/{rel}","templated":true}]}}