{"id":16031,"date":"2016-08-17T14:54:57","date_gmt":"2016-08-17T13:56:35","guid":{"rendered":"http:\/\/yoam.ch\/?post_type=product&#038;p=16031&#038;lang=de"},"modified":"2024-11-08T14:24:50","modified_gmt":"2024-11-08T13:24:50","slug":"trio-ballons-violet","status":"publish","type":"product","link":"https:\/\/camaleoparty.ch\/de\/produkt\/trio-ballons-violet\/","title":{"rendered":"Trio Ballons Violet"},"content":{"rendered":"<p>10 Ballons von Mylittleday kreiert in 3 Farben, Violet, Pastelviolet und Weiss. Perfekt f\u00fcr einen Superhero, Prinzessinen, Feen oder Engel Geburtstag. Aber nat\u00fcrlich auch f\u00fcr ein Sommerpicknick, ein Grillfest, ein Zvieri, eine Hochzeit, eine Taufe oder ein Familienfest. Der Ballon ist aus Latex und so biologisch abbaubar.<\/p>\n<p>Gr\u00f6sse 25cm<\/p>\n","protected":false},"excerpt":{"rendered":"<p>10 Ballons von Mylittleday kreiert in 3 Farben, Violet, Pastelviolet und Weiss.<\/p>\n","protected":false},"featured_media":14086,"comment_status":"open","ping_status":"closed","template":"","meta":[],"product_cat":[165,163,909,191,1171,591],"product_tag":[],"class_list":{"0":"post-16031","1":"product","2":"type-product","3":"status-publish","4":"has-post-thumbnail","6":"product_brand-mylittleday-de","7":"product_cat-ballone","8":"product_cat-dekoration","9":"product_cat-einfarbigen-luftballons","10":"product_cat-hochzeit","11":"product_cat-maerchen","12":"product_cat-prinzessin-de","14":"first","15":"instock","16":"taxable","17":"shipping-taxable","18":"purchasable","19":"product-type-simple"},"_links":{"self":[{"href":"https:\/\/camaleoparty.ch\/de\/wp-json\/wp\/v2\/product\/16031","targetHints":{"allow":["GET"]}}],"collection":[{"href":"https:\/\/camaleoparty.ch\/de\/wp-json\/wp\/v2\/product"}],"about":[{"href":"https:\/\/camaleoparty.ch\/de\/wp-json\/wp\/v2\/types\/product"}],"replies":[{"embeddable":true,"href":"https:\/\/camaleoparty.ch\/de\/wp-json\/wp\/v2\/comments?post=16031"}],"wp:featuredmedia":[{"embeddable":true,"href":"https:\/\/camaleoparty.ch\/de\/wp-json\/wp\/v2\/media\/14086"}],"wp:attachment":[{"href":"https:\/\/camaleoparty.ch\/de\/wp-json\/wp\/v2\/media?parent=16031"}],"wp:term":[{"taxonomy":"product_cat","embeddable":true,"href":"https:\/\/camaleoparty.ch\/de\/wp-json\/wp\/v2\/product_cat?post=16031"},{"taxonomy":"product_tag","embeddable":true,"href":"https:\/\/camaleoparty.ch\/de\/wp-json\/wp\/v2\/product_tag?post=16031"}],"curies":[{"name":"wp","href":"https:\/\/api.w.org\/{rel}","templated":true}]}}