{"id":15998,"date":"2016-08-16T21:15:00","date_gmt":"2016-08-16T20:17:24","guid":{"rendered":"http:\/\/yoam.ch\/?post_type=product&#038;p=15998&#038;lang=de"},"modified":"2024-11-08T14:24:55","modified_gmt":"2024-11-08T13:24:55","slug":"wabenball-gelb","status":"publish","type":"product","link":"https:\/\/camaleoparty.ch\/de\/produkt\/wabenball-gelb\/","title":{"rendered":"Wabenball Gelb"},"content":{"rendered":"<p>H\u00fcbscher, kleiner Wabenball, in vielen Farben bei uns erh\u00e4ltlich. Damit lassen sich viele tolle Dekorations-Arrangements zaubern &#8211; egal ob f\u00fcr ein Geburtstagsfest, eine Hochzeit oder zu Hause. Unterschiedliche Gr\u00f6ssen in einer Laterne, in einer halb offenen Schublade gruppieren oder an B\u00e4ndern von Zweigen oder Vorhangschienen h\u00e4ngen und schon steht die besondere Event Dekoration.<\/p>\n<p>Wabenb\u00e4lle lassen sich auch nur halb \u00f6ffnen und sind dann richtige Eye-catcher auf dem Feststagstisch oder Buffet.<br \/>\n20cm Gelb<\/p>\n","protected":false},"excerpt":{"rendered":"<p>Wabenball Gelb 20cm<\/p>\n","protected":false},"featured_media":15996,"comment_status":"open","ping_status":"closed","template":"","meta":[],"product_cat":[724,163,1211,1170,169,213],"product_tag":[],"class_list":{"0":"post-15998","1":"product","2":"type-product","3":"status-publish","4":"has-post-thumbnail","6":"product_cat-aufbau","7":"product_cat-dekoration","8":"product_cat-farbe-gelb","9":"product_cat-viva-la-fiesta-de","10":"product_cat-wabenball","11":"product_cat-zirkus","13":"first","14":"instock","15":"taxable","16":"shipping-taxable","17":"purchasable","18":"product-type-simple"},"_links":{"self":[{"href":"https:\/\/camaleoparty.ch\/de\/wp-json\/wp\/v2\/product\/15998","targetHints":{"allow":["GET"]}}],"collection":[{"href":"https:\/\/camaleoparty.ch\/de\/wp-json\/wp\/v2\/product"}],"about":[{"href":"https:\/\/camaleoparty.ch\/de\/wp-json\/wp\/v2\/types\/product"}],"replies":[{"embeddable":true,"href":"https:\/\/camaleoparty.ch\/de\/wp-json\/wp\/v2\/comments?post=15998"}],"wp:featuredmedia":[{"embeddable":true,"href":"https:\/\/camaleoparty.ch\/de\/wp-json\/wp\/v2\/media\/15996"}],"wp:attachment":[{"href":"https:\/\/camaleoparty.ch\/de\/wp-json\/wp\/v2\/media?parent=15998"}],"wp:term":[{"taxonomy":"product_cat","embeddable":true,"href":"https:\/\/camaleoparty.ch\/de\/wp-json\/wp\/v2\/product_cat?post=15998"},{"taxonomy":"product_tag","embeddable":true,"href":"https:\/\/camaleoparty.ch\/de\/wp-json\/wp\/v2\/product_tag?post=15998"}],"curies":[{"name":"wp","href":"https:\/\/api.w.org\/{rel}","templated":true}]}}