{"id":15141,"date":"2016-07-21T14:55:00","date_gmt":"2016-07-21T13:57:33","guid":{"rendered":"http:\/\/yoam.ch\/?post_type=product&#038;p=15141&#038;lang=de"},"modified":"2024-11-08T14:25:10","modified_gmt":"2024-11-08T13:25:10","slug":"fancy-pop-handsome","status":"publish","type":"product","link":"https:\/\/camaleoparty.ch\/de\/produkt\/fancy-pop-handsome\/","title":{"rendered":"Fancy Pop Handsome"},"content":{"rendered":"<p>Der Fancy Pop Handsome ist perfekt zum einen Kuchen zu dekorieren oder als Geschenk f\u00fcr jemanden.<br \/>\nBeinhaltet 1 Ballon mit Konfetti gef\u00fcllt, mit einem Halm und der dazugeh\u00f6rigen Dekoration.<br \/>\nDer Ballon ist 12cm hoch<\/p>\n","protected":false},"excerpt":{"rendered":"<p>Der Fancy Pop Handsome ist perfekt f\u00fcr eine KuchendekorationDer Fancy Pop Handsome ist perfekt f\u00fcr eine KuchendekorationDer Fancy Pop Handsome ist perfekt zum einen Kuchen zu dekorieren oder als Geschenk f\u00fcr jemanden.<br \/>\nBeinhaltet 1 Ballon mit Konfetti gef\u00fcllt, mit einem Halm und der dazugeh\u00f6rigen Dekoration.<br \/>\nDer Ballon ist 12cm hoch<\/p>\n","protected":false},"featured_media":14717,"comment_status":"open","ping_status":"closed","template":"","meta":[],"product_cat":[132,185,165,1213,151,163,183,138,895,181,555,1169,147],"product_tag":[],"class_list":{"0":"post-15141","1":"product","2":"type-product","3":"status-publish","4":"has-post-thumbnail","6":"product_cat-animationen","7":"product_cat-baby-shower-de","8":"product_cat-ballone","9":"product_cat-farbe-blau","10":"product_cat-cake-toppers-de","11":"product_cat-dekoration","12":"product_cat-geburtstag","13":"product_cat-kit-diy-de","14":"product_cat-lagerabbau","15":"product_cat-saisonal","16":"product_cat-sale-de-2","17":"product_cat-teddybar-kollektion","18":"product_cat-verjaardags-en-feesttafelversieringen","20":"first","21":"instock","22":"sale","23":"taxable","24":"shipping-taxable","25":"purchasable","26":"product-type-simple"},"_links":{"self":[{"href":"https:\/\/camaleoparty.ch\/de\/wp-json\/wp\/v2\/product\/15141","targetHints":{"allow":["GET"]}}],"collection":[{"href":"https:\/\/camaleoparty.ch\/de\/wp-json\/wp\/v2\/product"}],"about":[{"href":"https:\/\/camaleoparty.ch\/de\/wp-json\/wp\/v2\/types\/product"}],"replies":[{"embeddable":true,"href":"https:\/\/camaleoparty.ch\/de\/wp-json\/wp\/v2\/comments?post=15141"}],"wp:featuredmedia":[{"embeddable":true,"href":"https:\/\/camaleoparty.ch\/de\/wp-json\/wp\/v2\/media\/14717"}],"wp:attachment":[{"href":"https:\/\/camaleoparty.ch\/de\/wp-json\/wp\/v2\/media?parent=15141"}],"wp:term":[{"taxonomy":"product_cat","embeddable":true,"href":"https:\/\/camaleoparty.ch\/de\/wp-json\/wp\/v2\/product_cat?post=15141"},{"taxonomy":"product_tag","embeddable":true,"href":"https:\/\/camaleoparty.ch\/de\/wp-json\/wp\/v2\/product_tag?post=15141"}],"curies":[{"name":"wp","href":"https:\/\/api.w.org\/{rel}","templated":true}]}}