{"id":40283,"date":"2024-05-01T20:17:49","date_gmt":"2024-05-01T19:17:49","guid":{"rendered":"https:\/\/pikasworld.ch\/ballons-und-helium-101\/"},"modified":"2024-12-19T12:31:25","modified_gmt":"2024-12-19T11:31:25","slug":"ballons-und-helium-101","status":"publish","type":"page","link":"https:\/\/camaleoparty.ch\/de\/ballons-und-helium-101\/","title":{"rendered":"Ballons und Helium 101"},"content":{"rendered":"\r\n<p><strong>Woraus bestehen Ihre Ballons?<\/strong><br\/><br\/>W\u00e4hrend manche Menschen glauben, dass sie aus Magie hergestellt werden, besteht unsere Auswahl an Latexballons in Wirklichkeit aus 100 % Latex der h\u00f6chsten Qualit\u00e4t. Latex ist eine nat\u00fcrliche Substanz, die sich mit der Zeit zersetzt und biologisch abbaut. Aluminiumballons werden aus Mylar hergestellt und sind nicht umweltfreundlich.<\/p>\r\n\r\n<p><strong>Wie kommen meine Ballons an?<\/strong><br\/><br\/>Ihre Ballons werden flach an Sie verschickt. <\/p>\r\n\r\n<p><strong>Wie lange halten meine Ballons mit Helium?<\/strong><\/p>\r\n\r\n<p><br\/>Leider wahrscheinlich nicht so lange, wie man denken k\u00f6nnte. Helium ist ein kleineres Molek\u00fcl als Luft (deshalb ist es leichter und schwimmt!) &#8211; aber es kann durch die Poren von Naturlatex entweichen, weshalb sie sich entleeren. Wir k\u00f6nnen die Flatterzeit mit einem Zusatzstoff namens Hi-Float gegen Aufpreis verl\u00e4ngern. Wir empfehlen Ihnen immer, Ihre Ballons so nah wie m\u00f6glich an der Uhrzeit Ihrer Veranstaltung zu bef\u00fcllen. Wenn das nicht m\u00f6glich ist, empfehlen wir stattdessen eine Girlande oder eine S\u00e4ule aus luftgef\u00fcllten Ballons.<\/p>\r\n\r\n<figure class=\"wp-block-table\"><table><tbody><tr><td><a><\/a>Ballon-Typ<\/td><td>Gr\u00f6\u00dfe cm \u02dc.<\/td><td>Sch\u00e4tzen der Flatterzeit<\/td><\/tr><tr><td>Mini-Latex<\/td><td>12-18<\/td><td>nicht zum Schwimmen bestimmt<\/td><\/tr><tr><td>Latex-Standard<\/td><td>28<\/td><td>7-10 Stunden<\/td><\/tr><tr><td>Mittlerer Latex<\/td><td>40<\/td><td>10-12h<\/td><\/tr><tr><td>Gro\u00dfer Latex<\/td><td>60<\/td><td>12-15h<\/td><\/tr><tr><td>Riesenlatex<\/td><td>91<\/td><td>15-20h<\/td><\/tr><tr><td>Latex-Standard, Konfettis<\/td><td>28<\/td><td>7-10 Stunden<\/td><\/tr><tr><td>Riesenlatex, Konfetti<\/td><td>91<\/td><td>15-20h<\/td><\/tr><tr><td>Herz oder Stern aus Aluminium<\/td><td>45<\/td><td>2+ Tage<\/td><\/tr><tr><td>Riesiges Herz oder Stern aus Aluminium<\/td><td>91<\/td><td>2+ Tage<\/td><\/tr><tr><td>Riesige Nummern aus Aluminium<\/td><td>87-101<\/td><td>2+ Tage<\/td><\/tr><tr><td>Bl\u00e4tter von gro\u00dfen Formen<\/td><td>Variiert<\/td><td>2+ Tage<\/td><\/tr><tr><td>Orbs<\/td><td>40-54<\/td><td>2+ Tage<\/td><\/tr><\/tbody><\/table><\/figure><!-- \/wp:post-content --><!-- wp:paragraph {\"translatedWithWPMLTM\":\"1\"} -->\r\n<p><strong>Bitte beachten Sie, dass es sich hierbei nur um Sch\u00e4tzungen handelt und wir keine Garantie f\u00fcr die Heliumflotationszeiten \u00fcbernehmen. Wir empfehlen Ihnen dringend, die Heliumballons so nah wie m\u00f6glich an Ihrer Veranstaltung zu bef\u00fcllen. <\/strong><\/p>\r\n\r\n<p><strong>Wie sollte ich meine Ballons pflegen? <\/strong> <\/p>\r\n\r\n<p>Ballons sind launisch; sie m\u00f6gen weder Hitze noch Feuchtigkeit, glei\u00dfende Sonne, Wind oder starke Temperaturschwankungen. Sie k\u00f6nnen auch durch unterschiedliche H\u00f6henlagen beeintr\u00e4chtigt werden! Versuche, sie in einem temperaturgeregelten Bereich ohne direkte Sonneneinstrahlung aufzustellen, damit die Ballons gl\u00fccklicher sind und l\u00e4nger schweben.<\/p>\r\n\r\n<p><strong>K\u00f6nnen Sie mir sagen, wie viele Ballons ich bestellen soll? <\/strong><\/p>\r\n\r\n<p>Wir machen gerne Ballons in ungerader Anzahl, aber ansonsten h\u00e4ngt es davon ab, wie gro\u00df die Aussage ist, die Sie machen wollen! F\u00fcr Ballongirlanden empfehlen wir Ihnen, 30 Ballons pro linearem Metro der Girlande zu bestellen. Wenn Sie zu viele davon haben, k\u00f6nnen Sie sie immer noch auf dem Boden verteilen, um noch mehr Spa\u00df zu haben! Achtung: Latexballons k\u00f6nnen Sie nicht umdrehen.<\/p>\r\n\r\n<p><strong>WARNUNG : <\/strong> <em><strong>Ballons sind kein Spielzeug. Kinder k\u00f6nnen an nicht aufgeblasenen oder zerbrochenen Luftballons ersticken oder ersticken. Die Beaufsichtigung durch einen Erwachsenen ist erforderlich. Bewahren Sie nicht aufgeblasene Ballons au\u00dferhalb der Reichweite von Kindern auf und werfen Sie zerbrochene Ballons sofort weg.<\/strong><\/em><\/p>\r\n","protected":false},"excerpt":{"rendered":"<p>Woraus bestehen Ihre Ballons? W\u00e4hrend manche Menschen glauben, dass sie aus Magie hergestellt werden, besteht unsere Auswahl an Latexballons in Wirklichkeit aus 100 % Latex der h\u00f6chsten Qualit\u00e4t. Latex ist eine nat\u00fcrliche Substanz, die sich mit der Zeit zersetzt und biologisch abbaut. Aluminiumballons werden aus Mylar hergestellt und sind nicht umweltfreundlich. Wie kommen meine Ballons [&hellip;]<\/p>\n","protected":false},"author":680,"featured_media":0,"parent":0,"menu_order":0,"comment_status":"closed","ping_status":"closed","template":"","meta":{"footnotes":""},"class_list":["post-40283","page","type-page","status-publish","hentry"],"_links":{"self":[{"href":"https:\/\/camaleoparty.ch\/de\/wp-json\/wp\/v2\/pages\/40283","targetHints":{"allow":["GET"]}}],"collection":[{"href":"https:\/\/camaleoparty.ch\/de\/wp-json\/wp\/v2\/pages"}],"about":[{"href":"https:\/\/camaleoparty.ch\/de\/wp-json\/wp\/v2\/types\/page"}],"author":[{"embeddable":true,"href":"https:\/\/camaleoparty.ch\/de\/wp-json\/wp\/v2\/users\/680"}],"replies":[{"embeddable":true,"href":"https:\/\/camaleoparty.ch\/de\/wp-json\/wp\/v2\/comments?post=40283"}],"version-history":[{"count":2,"href":"https:\/\/camaleoparty.ch\/de\/wp-json\/wp\/v2\/pages\/40283\/revisions"}],"predecessor-version":[{"id":44155,"href":"https:\/\/camaleoparty.ch\/de\/wp-json\/wp\/v2\/pages\/40283\/revisions\/44155"}],"wp:attachment":[{"href":"https:\/\/camaleoparty.ch\/de\/wp-json\/wp\/v2\/media?parent=40283"}],"curies":[{"name":"wp","href":"https:\/\/api.w.org\/{rel}","templated":true}]}}