{"id":18005,"date":"2016-09-27T14:17:10","date_gmt":"2016-09-27T13:17:10","guid":{"rendered":"http:\/\/yoam.ch\/conditions-generales-de-vente\/?lang=de"},"modified":"2024-12-19T11:32:19","modified_gmt":"2024-12-19T10:32:19","slug":"conditions-generales-de-vente","status":"publish","type":"page","link":"https:\/\/camaleoparty.ch\/de\/conditions-generales-de-vente\/","title":{"rendered":"Allgemeine Verkaufsbedingungen"},"content":{"rendered":"<p>Alle Lieferungen und Leistungen, die \u00fcber die Internetseite Pikas World angeboten werden, sind durch die unten aufgef\u00fchrten allgemeinen Verkaufsbedingungen geregelt. Bei einer Bestellung auf Pikas World sind Sie automatisch mit den allgemeinen Verkaufsbedingungen einverstanden. Allgemeine Bedingungen des K\u00e4ufers haben keine G\u00fcltigkeit auf Pikas World.<\/p>\n<p>&nbsp;<\/p>\n<p>Pikas World nimmt sich das Recht, die allgemeinen Verkaufsbedingungen jederzeit zu \u00e4ndern und eine neue Version auf dem Internet zu ver\u00f6ffentlichten. Diese sind bei allen Bestellungen, die nach der Publizierung der neuen allgemeinen Verkaufsbedingungen gemacht werden, automatisch geltend.<\/p>\n<p>&nbsp;<\/p>\n<p><strong>Lieferung<\/strong><\/p>\n<p>Alle Lieferungen werden ohne anderweitiger Anweisung des K\u00e4ufers per Post an die bei Paypal angegebene Adresse versendet. Der Preis pro Paket liegt bei 9.- CHF f\u00fcr die Schweiz. Bei einer Bestellung \u00fcber 100.- CHF werden die Lieferkosten offeriert. F\u00fcr Lieferungen ins Ausland erh\u00f6hen sich die Kosten auf 15.- CHF pro Paket.<\/p>\n<p>Sie haben die M\u00f6glichkeit, Ihre Bestellung nach vereinbartem Termin direkt in Morgins abzuholen.<\/p>\n<p><strong>\u00a0<\/strong><\/p>\n<p><strong>Lieferzeit<\/strong><\/p>\n<p>Die angegebenen Lieferzeiten sind informativ. Die durchschnittlichen Lieferzeiten von Bestellungen auf\u00a0<a href=\"https:\/\/camaleoparty.ch\/\">camaleoparty.ch<\/a>\u00a0sind 2 \u2013 4 Werktage. F\u00fcr eine Lieferung vor dem Wochenende, muss die Bestellung sp\u00e4testens am Mittwoch vor 12h gemacht werden, damit das Paket noch am Donnerstag per A-Post versendet werden kann. Es kann jedoch keine 100 % Garantie gegeben werden, dass das Paket am Freitag geliefert wird.<\/p>\n<p>&nbsp;<\/p>\n<p><strong>Zahlungsmethode<\/strong><\/p>\n<p>Die Zahlung wird mit Paypal durchgef\u00fchrt. Es gibt auch die M\u00f6glichkeit einer Vorauszahlung per Bank\u00fcberweisung. Senden Sie bitte in diesem Fall eine E-Mail an\u00a0<a href=\"mailto:info@camaleoparty.ch\">info@camaleoparty.ch<\/a>\u00a0mit den gew\u00fcnschten Artikeln.<\/p>\n<p>&nbsp;<\/p>\n<p><strong>R\u00fcckgaberecht<\/strong><\/p>\n<p>Wir engagieren uns f\u00fcr beste Qualit\u00e4t bei all unseren Produkten und Dienstleistungen.<\/p>\n<p>Gem\u00e4ss der Rechtsvorschriften im Versandhandel im Internet haben Sie die M\u00f6glichkeit, jeden Artikel bis zu 10 Tage nach Lieferung zur\u00fcckzusenden und den entsprechenden Betrag zur\u00fcck zu bekommen (Lieferkosten werden nicht \u00fcbernommen). Falls der Artikel nicht Ihren Erwartungen entspricht, muss dieser im Originalzustand und der Originalverpackung retourniert werden.<\/p>\n<p>R\u00fccksendungsadresse:<\/p>\n<p>Pikas World<\/p>\n<p>c\/o Amanda Minder<\/p>\n<p>Ch. Du Midi 24<br \/>\n1875 Morgins<\/p>\n","protected":false},"excerpt":{"rendered":"<p>Alle Lieferungen und Leistungen, die \u00fcber die Internetseite Pikas World angeboten werden, sind durch die unten aufgef\u00fchrten allgemeinen Verkaufsbedingungen geregelt. Bei einer Bestellung auf Pikas World sind Sie automatisch mit den allgemeinen Verkaufsbedingungen einverstanden. Allgemeine Bedingungen des K\u00e4ufers haben keine G\u00fcltigkeit auf Pikas World. &nbsp; Pikas World nimmt sich das Recht, die allgemeinen Verkaufsbedingungen jederzeit [&hellip;]<\/p>\n","protected":false},"author":1,"featured_media":0,"parent":0,"menu_order":0,"comment_status":"closed","ping_status":"closed","template":"","meta":{"footnotes":""},"class_list":["post-18005","page","type-page","status-publish","hentry"],"_links":{"self":[{"href":"https:\/\/camaleoparty.ch\/de\/wp-json\/wp\/v2\/pages\/18005","targetHints":{"allow":["GET"]}}],"collection":[{"href":"https:\/\/camaleoparty.ch\/de\/wp-json\/wp\/v2\/pages"}],"about":[{"href":"https:\/\/camaleoparty.ch\/de\/wp-json\/wp\/v2\/types\/page"}],"author":[{"embeddable":true,"href":"https:\/\/camaleoparty.ch\/de\/wp-json\/wp\/v2\/users\/1"}],"replies":[{"embeddable":true,"href":"https:\/\/camaleoparty.ch\/de\/wp-json\/wp\/v2\/comments?post=18005"}],"version-history":[{"count":2,"href":"https:\/\/camaleoparty.ch\/de\/wp-json\/wp\/v2\/pages\/18005\/revisions"}],"predecessor-version":[{"id":44126,"href":"https:\/\/camaleoparty.ch\/de\/wp-json\/wp\/v2\/pages\/18005\/revisions\/44126"}],"wp:attachment":[{"href":"https:\/\/camaleoparty.ch\/de\/wp-json\/wp\/v2\/media?parent=18005"}],"curies":[{"name":"wp","href":"https:\/\/api.w.org\/{rel}","templated":true}]}}